{"id":989044,"date":"2025-07-09T16:17:41","date_gmt":"2025-07-09T14:17:41","guid":{"rendered":"https:\/\/www.osteovitalsabadell.cat\/blog\/"},"modified":"2025-10-28T11:27:01","modified_gmt":"2025-10-28T09:27:01","slug":"blog","status":"publish","type":"page","link":"https:\/\/www.osteovitalsabadell.cat\/es\/blog\/","title":{"rendered":"Blog"},"content":{"rendered":"\t\t<div data-elementor-type=\"wp-page\" data-elementor-id=\"989044\" class=\"elementor elementor-989044 elementor-988402\" data-elementor-post-type=\"page\">\n\t\t\t\t\t\t<section class=\"elementor-section elementor-top-section elementor-element elementor-element-fd73132 elementor-section-height-min-height elementor-section-boxed elementor-section-height-default elementor-section-items-middle\" data-id=\"fd73132\" data-element_type=\"section\" data-settings=\"{&quot;background_background&quot;:&quot;classic&quot;}\">\n\t\t\t\t\t\t<div class=\"elementor-container elementor-column-gap-default\">\n\t\t\t\t\t<div class=\"elementor-column elementor-col-100 elementor-top-column elementor-element elementor-element-27ade10\" data-id=\"27ade10\" data-element_type=\"column\">\n\t\t\t<div class=\"elementor-widget-wrap elementor-element-populated\">\n\t\t\t\t\t\t<div class=\"elementor-element elementor-element-736ed55 elementor-widget__width-initial elementor-widget elementor-widget-heading\" data-id=\"736ed55\" data-element_type=\"widget\" data-widget_type=\"heading.default\">\n\t\t\t\t<div class=\"elementor-widget-container\">\n\t\t\t\t\t<h1 class=\"elementor-heading-title elementor-size-default\">\u00daltimas noticias<\/h1>\t\t\t\t<\/div>\n\t\t\t\t<\/div>\n\t\t\t\t<div class=\"elementor-element elementor-element-e88e0f4 elementor-widget__width-auto elementor-absolute elementor-widget-mobile__width-initial elementor-widget-tablet__width-initial elementor-widget elementor-widget-image\" data-id=\"e88e0f4\" data-element_type=\"widget\" data-settings=\"{&quot;_position&quot;:&quot;absolute&quot;}\" data-widget_type=\"image.default\">\n\t\t\t\t<div class=\"elementor-widget-container\">\n\t\t\t\t\t\t\t\t\t\t\t\t\t\t\t<img fetchpriority=\"high\" decoding=\"async\" width=\"846\" height=\"745\" src=\"https:\/\/www.osteovitalsabadell.cat\/wp-content\/uploads\/2025\/06\/MASSATGE.png\" class=\"attachment-full size-full wp-image-988978\" alt=\"icono masaje\" srcset=\"https:\/\/www.osteovitalsabadell.cat\/wp-content\/uploads\/2025\/06\/MASSATGE.png 846w, https:\/\/www.osteovitalsabadell.cat\/wp-content\/uploads\/2025\/06\/MASSATGE-300x264.png 300w, https:\/\/www.osteovitalsabadell.cat\/wp-content\/uploads\/2025\/06\/MASSATGE-768x676.png 768w\" sizes=\"(max-width: 846px) 100vw, 846px\" \/>\t\t\t\t\t\t\t\t\t\t\t\t\t\t\t<\/div>\n\t\t\t\t<\/div>\n\t\t\t\t<div class=\"elementor-element elementor-element-448373c elementor-widget__width-auto elementor-absolute elementor-widget-tablet__width-initial elementor-invisible elementor-widget elementor-widget-image\" data-id=\"448373c\" data-element_type=\"widget\" data-settings=\"{&quot;_position&quot;:&quot;absolute&quot;,&quot;motion_fx_motion_fx_scrolling&quot;:&quot;yes&quot;,&quot;motion_fx_rotateZ_effect&quot;:&quot;yes&quot;,&quot;motion_fx_rotateZ_affectedRange&quot;:{&quot;unit&quot;:&quot;%&quot;,&quot;size&quot;:&quot;&quot;,&quot;sizes&quot;:{&quot;start&quot;:77,&quot;end&quot;:77}},&quot;_animation&quot;:&quot;swing&quot;,&quot;_animation_tablet&quot;:&quot;none&quot;,&quot;_animation_mobile&quot;:&quot;none&quot;,&quot;_animation_delay&quot;:500,&quot;motion_fx_rotateZ_speed&quot;:{&quot;unit&quot;:&quot;px&quot;,&quot;size&quot;:1,&quot;sizes&quot;:[]},&quot;motion_fx_devices&quot;:[&quot;desktop&quot;,&quot;tablet&quot;,&quot;mobile&quot;]}\" data-widget_type=\"image.default\">\n\t\t\t\t<div class=\"elementor-widget-container\">\n\t\t\t\t\t\t\t\t\t\t\t\t\t\t\t<img decoding=\"async\" width=\"768\" height=\"787\" src=\"https:\/\/www.osteovitalsabadell.cat\/wp-content\/uploads\/2025\/06\/TRACTAMENTS.png\" class=\"attachment-full size-full wp-image-988981\" alt=\"LOGO TRATAMIENTOS\" srcset=\"https:\/\/www.osteovitalsabadell.cat\/wp-content\/uploads\/2025\/06\/TRACTAMENTS.png 768w, https:\/\/www.osteovitalsabadell.cat\/wp-content\/uploads\/2025\/06\/TRACTAMENTS-293x300.png 293w\" sizes=\"(max-width: 768px) 100vw, 768px\" \/>\t\t\t\t\t\t\t\t\t\t\t\t\t\t\t<\/div>\n\t\t\t\t<\/div>\n\t\t\t\t\t<\/div>\n\t\t<\/div>\n\t\t\t\t\t<\/div>\n\t\t<\/section>\n\t\t\t\t<section class=\"elementor-section elementor-top-section elementor-element elementor-element-d0e1fd1 elementor-section-boxed elementor-section-height-default elementor-section-height-default\" data-id=\"d0e1fd1\" data-element_type=\"section\">\n\t\t\t\t\t\t<div class=\"elementor-container elementor-column-gap-default\">\n\t\t\t\t\t<div class=\"elementor-column elementor-col-100 elementor-top-column elementor-element elementor-element-1426e4d\" data-id=\"1426e4d\" data-element_type=\"column\">\n\t\t\t<div class=\"elementor-widget-wrap elementor-element-populated\">\n\t\t\t\t\t\t<div class=\"elementor-element elementor-element-6c7a1d3 elementor-widget__width-initial animated-fast elementor-invisible elementor-widget elementor-widget-heading\" data-id=\"6c7a1d3\" data-element_type=\"widget\" data-settings=\"{&quot;_animation&quot;:&quot;slideInUp&quot;}\" data-widget_type=\"heading.default\">\n\t\t\t\t<div class=\"elementor-widget-container\">\n\t\t\t\t\t<h2 class=\"elementor-heading-title elementor-size-default\">Blog<\/h2>\t\t\t\t<\/div>\n\t\t\t\t<\/div>\n\t\t\t\t<div class=\"elementor-element elementor-element-b5da76e elementor-widget__width-initial elementor-invisible elementor-widget elementor-widget-text-editor\" data-id=\"b5da76e\" data-element_type=\"widget\" data-settings=\"{&quot;_animation&quot;:&quot;slideInUp&quot;}\" data-widget_type=\"text-editor.default\">\n\t\t\t\t<div class=\"elementor-widget-container\">\n\t\t\t\t\t\t\t\t\t<p>En el Blog de OSTEOVITAL SABADELL podr\u00e1 encontrar las \u00faltimas noticias relacionadas con la osteopat\u00eda y la fisioterapia y otras relacionadas con el mundo de la salud.<\/p>\t\t\t\t\t\t\t\t<\/div>\n\t\t\t\t<\/div>\n\t\t\t\t\t<\/div>\n\t\t<\/div>\n\t\t\t\t\t<\/div>\n\t\t<\/section>\n\t\t\t\t<section class=\"elementor-section elementor-top-section elementor-element elementor-element-79e0abb elementor-section-boxed elementor-section-height-default elementor-section-height-default\" data-id=\"79e0abb\" data-element_type=\"section\">\n\t\t\t\t\t\t<div class=\"elementor-container elementor-column-gap-default\">\n\t\t\t\t\t<div class=\"elementor-column elementor-col-100 elementor-top-column elementor-element elementor-element-53c4eba\" data-id=\"53c4eba\" data-element_type=\"column\">\n\t\t\t<div class=\"elementor-widget-wrap elementor-element-populated\">\n\t\t\t\t\t\t<div class=\"elementor-element elementor-element-31a8213 elementor-grid-3 elementor-grid-tablet-2 elementor-grid-mobile-1 elementor-posts--thumbnail-top elementor-widget elementor-widget-posts\" data-id=\"31a8213\" data-element_type=\"widget\" data-settings=\"{&quot;pagination_type&quot;:&quot;numbers_and_prev_next&quot;,&quot;classic_row_gap&quot;:{&quot;unit&quot;:&quot;px&quot;,&quot;size&quot;:40,&quot;sizes&quot;:[]},&quot;classic_columns&quot;:&quot;3&quot;,&quot;classic_columns_tablet&quot;:&quot;2&quot;,&quot;classic_columns_mobile&quot;:&quot;1&quot;,&quot;classic_row_gap_tablet&quot;:{&quot;unit&quot;:&quot;px&quot;,&quot;size&quot;:&quot;&quot;,&quot;sizes&quot;:[]},&quot;classic_row_gap_mobile&quot;:{&quot;unit&quot;:&quot;px&quot;,&quot;size&quot;:&quot;&quot;,&quot;sizes&quot;:[]}}\" data-widget_type=\"posts.classic\">\n\t\t\t\t<div class=\"elementor-widget-container\">\n\t\t\t\t\t\t\t<div class=\"elementor-posts-container elementor-posts elementor-posts--skin-classic elementor-grid\" role=\"list\">\n\t\t\t\t<article class=\"elementor-post elementor-grid-item post-989548 post type-post status-publish format-standard has-post-thumbnail hentry category-sin-categoria\" role=\"listitem\">\n\t\t\t\t<a class=\"elementor-post__thumbnail__link\" href=\"https:\/\/www.osteovitalsabadell.cat\/es\/pni-rendimiento-deportivo\/\" tabindex=\"-1\" >\n\t\t\t<div class=\"elementor-post__thumbnail\"><img decoding=\"async\" width=\"768\" height=\"512\" src=\"https:\/\/www.osteovitalsabadell.cat\/wp-content\/uploads\/2021\/12\/como-mejorar-el-rendimiento-deportivo-primenature-01-768x512.jpg\" class=\"attachment-medium_large size-medium_large wp-image-988646\" alt=\"imagen correr\" srcset=\"https:\/\/www.osteovitalsabadell.cat\/wp-content\/uploads\/2021\/12\/como-mejorar-el-rendimiento-deportivo-primenature-01-768x512.jpg 768w, https:\/\/www.osteovitalsabadell.cat\/wp-content\/uploads\/2021\/12\/como-mejorar-el-rendimiento-deportivo-primenature-01-300x200.jpg 300w, https:\/\/www.osteovitalsabadell.cat\/wp-content\/uploads\/2021\/12\/como-mejorar-el-rendimiento-deportivo-primenature-01.jpg 1000w\" sizes=\"(max-width: 768px) 100vw, 768px\" \/><\/div>\n\t\t<\/a>\n\t\t\t\t<div class=\"elementor-post__text\">\n\t\t\t\t<h3 class=\"elementor-post__title\">\n\t\t\t<a href=\"https:\/\/www.osteovitalsabadell.cat\/es\/pni-rendimiento-deportivo\/\" >\n\t\t\t\tPNI &amp; RENDIMIENTO DEPORTIVO\t\t\t<\/a>\n\t\t<\/h3>\n\t\t\t\t<div class=\"elementor-post__meta-data\">\n\t\t\t\t\t<span class=\"elementor-post-date\">\n\t\t\tdiciembre 29, 2021\t\t<\/span>\n\t\t\t\t<\/div>\n\t\t\t\t<\/div>\n\t\t\t\t<\/article>\n\t\t\t\t<article class=\"elementor-post elementor-grid-item post-989550 post type-post status-publish format-standard has-post-thumbnail hentry category-sin-categoria\" role=\"listitem\">\n\t\t\t\t<a class=\"elementor-post__thumbnail__link\" href=\"https:\/\/www.osteovitalsabadell.cat\/es\/ejercicios-de-kegel\/\" tabindex=\"-1\" >\n\t\t\t<div class=\"elementor-post__thumbnail\"><img loading=\"lazy\" decoding=\"async\" width=\"630\" height=\"420\" src=\"https:\/\/www.osteovitalsabadell.cat\/wp-content\/uploads\/2021\/12\/ejercicios-de-kegel_15_630x420.png\" class=\"attachment-medium_large size-medium_large wp-image-988645\" alt=\"Imagen estiramientos\" srcset=\"https:\/\/www.osteovitalsabadell.cat\/wp-content\/uploads\/2021\/12\/ejercicios-de-kegel_15_630x420.png 630w, https:\/\/www.osteovitalsabadell.cat\/wp-content\/uploads\/2021\/12\/ejercicios-de-kegel_15_630x420-300x200.png 300w\" sizes=\"(max-width: 630px) 100vw, 630px\" \/><\/div>\n\t\t<\/a>\n\t\t\t\t<div class=\"elementor-post__text\">\n\t\t\t\t<h3 class=\"elementor-post__title\">\n\t\t\t<a href=\"https:\/\/www.osteovitalsabadell.cat\/es\/ejercicios-de-kegel\/\" >\n\t\t\t\tEJERCICIOS DE KEGEL\t\t\t<\/a>\n\t\t<\/h3>\n\t\t\t\t<div class=\"elementor-post__meta-data\">\n\t\t\t\t\t<span class=\"elementor-post-date\">\n\t\t\tdiciembre 29, 2021\t\t<\/span>\n\t\t\t\t<\/div>\n\t\t\t\t<\/div>\n\t\t\t\t<\/article>\n\t\t\t\t<article class=\"elementor-post elementor-grid-item post-989552 post type-post status-publish format-standard has-post-thumbnail hentry category-sin-categoria\" role=\"listitem\">\n\t\t\t\t<a class=\"elementor-post__thumbnail__link\" href=\"https:\/\/www.osteovitalsabadell.cat\/es\/que-es-el-kuzu\/\" tabindex=\"-1\" >\n\t\t\t<div class=\"elementor-post__thumbnail\"><img loading=\"lazy\" decoding=\"async\" width=\"768\" height=\"513\" src=\"https:\/\/www.osteovitalsabadell.cat\/wp-content\/uploads\/2021\/12\/kudzu-768x513.jpg\" class=\"attachment-medium_large size-medium_large wp-image-989023\" alt=\"Imagen tratamiento\" srcset=\"https:\/\/www.osteovitalsabadell.cat\/wp-content\/uploads\/2021\/12\/kudzu-768x513.jpg 768w, https:\/\/www.osteovitalsabadell.cat\/wp-content\/uploads\/2021\/12\/kudzu-300x200.jpg 300w, https:\/\/www.osteovitalsabadell.cat\/wp-content\/uploads\/2021\/12\/kudzu.jpg 1000w\" sizes=\"(max-width: 768px) 100vw, 768px\" \/><\/div>\n\t\t<\/a>\n\t\t\t\t<div class=\"elementor-post__text\">\n\t\t\t\t<h3 class=\"elementor-post__title\">\n\t\t\t<a href=\"https:\/\/www.osteovitalsabadell.cat\/es\/que-es-el-kuzu\/\" >\n\t\t\t\t\u00bfQu\u00e9 es el KUZU?\t\t\t<\/a>\n\t\t<\/h3>\n\t\t\t\t<div class=\"elementor-post__meta-data\">\n\t\t\t\t\t<span class=\"elementor-post-date\">\n\t\t\tdiciembre 29, 2021\t\t<\/span>\n\t\t\t\t<\/div>\n\t\t\t\t<\/div>\n\t\t\t\t<\/article>\n\t\t\t\t<article class=\"elementor-post elementor-grid-item post-989554 post type-post status-publish format-standard has-post-thumbnail hentry category-sin-categoria\" role=\"listitem\">\n\t\t\t\t<a class=\"elementor-post__thumbnail__link\" href=\"https:\/\/www.osteovitalsabadell.cat\/es\/diastasis-abdominal-has-oido-hablar-de-ello\/\" tabindex=\"-1\" >\n\t\t\t<div class=\"elementor-post__thumbnail\"><img loading=\"lazy\" decoding=\"async\" width=\"650\" height=\"343\" src=\"https:\/\/www.osteovitalsabadell.cat\/wp-content\/uploads\/2021\/12\/FOTO-DIASTASIS-ABDOMINAL.jpg\" class=\"attachment-medium_large size-medium_large wp-image-988642\" alt=\"Imagen abdmoninal\" srcset=\"https:\/\/www.osteovitalsabadell.cat\/wp-content\/uploads\/2021\/12\/FOTO-DIASTASIS-ABDOMINAL.jpg 650w, https:\/\/www.osteovitalsabadell.cat\/wp-content\/uploads\/2021\/12\/FOTO-DIASTASIS-ABDOMINAL-300x158.jpg 300w\" sizes=\"(max-width: 650px) 100vw, 650px\" \/><\/div>\n\t\t<\/a>\n\t\t\t\t<div class=\"elementor-post__text\">\n\t\t\t\t<h3 class=\"elementor-post__title\">\n\t\t\t<a href=\"https:\/\/www.osteovitalsabadell.cat\/es\/diastasis-abdominal-has-oido-hablar-de-ello\/\" >\n\t\t\t\tDI\u00c1STASIS ABDOMINAL \u2013 \u00bfHas o\u00eddo hablar de ello?\t\t\t<\/a>\n\t\t<\/h3>\n\t\t\t\t<div class=\"elementor-post__meta-data\">\n\t\t\t\t\t<span class=\"elementor-post-date\">\n\t\t\tdiciembre 29, 2021\t\t<\/span>\n\t\t\t\t<\/div>\n\t\t\t\t<\/div>\n\t\t\t\t<\/article>\n\t\t\t\t<article class=\"elementor-post elementor-grid-item post-989556 post type-post status-publish format-standard has-post-thumbnail hentry category-sin-categoria\" role=\"listitem\">\n\t\t\t\t<a class=\"elementor-post__thumbnail__link\" href=\"https:\/\/www.osteovitalsabadell.cat\/es\/el-vaginismo-has-oido-hablar-alguna-vez-de-esta-disfuncion-sabes-lo-que-es\/\" tabindex=\"-1\" >\n\t\t\t<div class=\"elementor-post__thumbnail\"><img loading=\"lazy\" decoding=\"async\" width=\"768\" height=\"594\" src=\"https:\/\/www.osteovitalsabadell.cat\/wp-content\/uploads\/2021\/03\/sindrome-vaginismo_0-768x594.jpg\" class=\"attachment-medium_large size-medium_large wp-image-989021\" alt=\"Dolor vaginal\" srcset=\"https:\/\/www.osteovitalsabadell.cat\/wp-content\/uploads\/2021\/03\/sindrome-vaginismo_0-768x594.jpg 768w, https:\/\/www.osteovitalsabadell.cat\/wp-content\/uploads\/2021\/03\/sindrome-vaginismo_0-300x232.jpg 300w, https:\/\/www.osteovitalsabadell.cat\/wp-content\/uploads\/2021\/03\/sindrome-vaginismo_0-1024x791.jpg 1024w, https:\/\/www.osteovitalsabadell.cat\/wp-content\/uploads\/2021\/03\/sindrome-vaginismo_0.jpg 1136w\" sizes=\"(max-width: 768px) 100vw, 768px\" \/><\/div>\n\t\t<\/a>\n\t\t\t\t<div class=\"elementor-post__text\">\n\t\t\t\t<h3 class=\"elementor-post__title\">\n\t\t\t<a href=\"https:\/\/www.osteovitalsabadell.cat\/es\/el-vaginismo-has-oido-hablar-alguna-vez-de-esta-disfuncion-sabes-lo-que-es\/\" >\n\t\t\t\tEL VAGINISMO \u2013 \u00bfHas o\u00eddo hablar alguna vez de esta disfunci\u00f3n? \u00bfSabes lo que es?\t\t\t<\/a>\n\t\t<\/h3>\n\t\t\t\t<div class=\"elementor-post__meta-data\">\n\t\t\t\t\t<span class=\"elementor-post-date\">\n\t\t\tmarzo 6, 2021\t\t<\/span>\n\t\t\t\t<\/div>\n\t\t\t\t<\/div>\n\t\t\t\t<\/article>\n\t\t\t\t<article class=\"elementor-post elementor-grid-item post-989558 post type-post status-publish format-standard has-post-thumbnail hentry category-sin-categoria\" role=\"listitem\">\n\t\t\t\t<a class=\"elementor-post__thumbnail__link\" href=\"https:\/\/www.osteovitalsabadell.cat\/es\/hechas-pni-sabias-que-deberiamos-ir-al-bano-una-vez-al-dia\/\" tabindex=\"-1\" >\n\t\t\t<div class=\"elementor-post__thumbnail\"><img loading=\"lazy\" decoding=\"async\" width=\"503\" height=\"503\" src=\"https:\/\/www.osteovitalsabadell.cat\/wp-content\/uploads\/2021\/03\/sonar-con-caca.jpg\" class=\"attachment-medium_large size-medium_large wp-image-988634\" alt=\"excraments\" srcset=\"https:\/\/www.osteovitalsabadell.cat\/wp-content\/uploads\/2021\/03\/sonar-con-caca.jpg 503w, https:\/\/www.osteovitalsabadell.cat\/wp-content\/uploads\/2021\/03\/sonar-con-caca-300x300.jpg 300w, https:\/\/www.osteovitalsabadell.cat\/wp-content\/uploads\/2021\/03\/sonar-con-caca-150x150.jpg 150w\" sizes=\"(max-width: 503px) 100vw, 503px\" \/><\/div>\n\t\t<\/a>\n\t\t\t\t<div class=\"elementor-post__text\">\n\t\t\t\t<h3 class=\"elementor-post__title\">\n\t\t\t<a href=\"https:\/\/www.osteovitalsabadell.cat\/es\/hechas-pni-sabias-que-deberiamos-ir-al-bano-una-vez-al-dia\/\" >\n\t\t\t\tHECHAS &amp; PNI \u2013 \u00bfSab\u00edas que deber\u00edamos ir al ba\u00f1o una vez al d\u00eda?\t\t\t<\/a>\n\t\t<\/h3>\n\t\t\t\t<div class=\"elementor-post__meta-data\">\n\t\t\t\t\t<span class=\"elementor-post-date\">\n\t\t\tmarzo 6, 2021\t\t<\/span>\n\t\t\t\t<\/div>\n\t\t\t\t<\/div>\n\t\t\t\t<\/article>\n\t\t\t\t<\/div>\n\t\t\n\t\t\t\t<div class=\"e-load-more-anchor\" data-page=\"1\" data-max-page=\"4\" data-next-page=\"https:\/\/www.osteovitalsabadell.cat\/es\/wp-json\/wp\/v2\/pages\/989044\/page\/2\/\"><\/div>\n\t\t\t\t<nav class=\"elementor-pagination\" aria-label=\"Paginaci\u00f3n\">\n\t\t\t<span class=\"page-numbers prev\">Siguiente<\/span>\n<span aria-current=\"page\" class=\"page-numbers current\"><span class=\"elementor-screen-only\">P\u00e1gina<\/span>1<\/span>\n<a class=\"page-numbers\" href=\"https:\/\/www.osteovitalsabadell.cat\/es\/wp-json\/wp\/v2\/pages\/989044\/page\/2\/\"><span class=\"elementor-screen-only\">P\u00e1gina<\/span>2<\/a>\n<a class=\"page-numbers\" href=\"https:\/\/www.osteovitalsabadell.cat\/es\/wp-json\/wp\/v2\/pages\/989044\/page\/3\/\"><span class=\"elementor-screen-only\">P\u00e1gina<\/span>3<\/a>\n<a class=\"page-numbers\" href=\"https:\/\/www.osteovitalsabadell.cat\/es\/wp-json\/wp\/v2\/pages\/989044\/page\/4\/\"><span class=\"elementor-screen-only\">P\u00e1gina<\/span>4<\/a>\n<a class=\"page-numbers next\" href=\"https:\/\/www.osteovitalsabadell.cat\/es\/wp-json\/wp\/v2\/pages\/989044\/page\/2\/\">Anterior<\/a>\t\t<\/nav>\n\t\t\t\t\t\t<\/div>\n\t\t\t\t<\/div>\n\t\t\t\t\t<\/div>\n\t\t<\/div>\n\t\t\t\t\t<\/div>\n\t\t<\/section>\n\t\t\t\t<\/div>\n\t\t","protected":false},"excerpt":{"rendered":"<p>\u00daltimas<\/p>\n","protected":false},"author":1,"featured_media":0,"parent":0,"menu_order":0,"comment_status":"closed","ping_status":"closed","template":"","meta":{"footnotes":""},"class_list":["post-989044","page","type-page","status-publish","hentry"],"yoast_head":"<!-- This site is optimized with the Yoast SEO plugin v26.6 - https:\/\/yoast.com\/wordpress\/plugins\/seo\/ -->\n<title>Blog de salud y bienestar \u2013 Osteovital Sabadell<\/title>\n<meta name=\"description\" content=\"Consejos sobre salud natural, fisioterapia y nutrici\u00f3n para cuidar tu cuerpo y mente. Insp\u00edrate en el blog de Osteovital Sabadell.\" \/>\n<meta name=\"robots\" content=\"index, follow, max-snippet:-1, max-image-preview:large, max-video-preview:-1\" \/>\n<link rel=\"canonical\" href=\"https:\/\/www.osteovitalsabadell.cat\/es\/blog\/\" \/>\n<meta property=\"og:locale\" content=\"es_ES\" \/>\n<meta property=\"og:type\" content=\"article\" \/>\n<meta property=\"og:title\" content=\"Blog de salud y bienestar \u2013 Osteovital Sabadell\" \/>\n<meta property=\"og:description\" content=\"Consejos sobre salud natural, fisioterapia y nutrici\u00f3n para cuidar tu cuerpo y mente. Insp\u00edrate en el blog de Osteovital Sabadell.\" \/>\n<meta property=\"og:url\" content=\"https:\/\/www.osteovitalsabadell.cat\/es\/blog\/\" \/>\n<meta property=\"og:site_name\" content=\"Osteovital\" \/>\n<meta property=\"article:modified_time\" content=\"2025-10-28T09:27:01+00:00\" \/>\n<meta property=\"og:image\" content=\"https:\/\/www.osteovitalsabadell.cat\/wp-content\/uploads\/2025\/06\/MASSATGE.png\" \/>\n<meta name=\"twitter:card\" content=\"summary_large_image\" \/>\n<meta name=\"twitter:label1\" content=\"Tiempo de lectura\" \/>\n\t<meta name=\"twitter:data1\" content=\"1 minuto\" \/>\n<script type=\"application\/ld+json\" class=\"yoast-schema-graph\">{\"@context\":\"https:\/\/schema.org\",\"@graph\":[{\"@type\":\"WebPage\",\"@id\":\"https:\/\/www.osteovitalsabadell.cat\/es\/blog\/\",\"url\":\"https:\/\/www.osteovitalsabadell.cat\/es\/blog\/\",\"name\":\"Blog de salud y bienestar \u2013 Osteovital Sabadell\",\"isPartOf\":{\"@id\":\"https:\/\/www.osteovitalsabadell.cat\/es\/#website\"},\"primaryImageOfPage\":{\"@id\":\"https:\/\/www.osteovitalsabadell.cat\/es\/blog\/#primaryimage\"},\"image\":{\"@id\":\"https:\/\/www.osteovitalsabadell.cat\/es\/blog\/#primaryimage\"},\"thumbnailUrl\":\"https:\/\/www.osteovitalsabadell.cat\/wp-content\/uploads\/2025\/06\/MASSATGE.png\",\"datePublished\":\"2025-07-09T14:17:41+00:00\",\"dateModified\":\"2025-10-28T09:27:01+00:00\",\"description\":\"Consejos sobre salud natural, fisioterapia y nutrici\u00f3n para cuidar tu cuerpo y mente. Insp\u00edrate en el blog de Osteovital Sabadell.\",\"breadcrumb\":{\"@id\":\"https:\/\/www.osteovitalsabadell.cat\/es\/blog\/#breadcrumb\"},\"inLanguage\":\"es\",\"potentialAction\":[{\"@type\":\"ReadAction\",\"target\":[\"https:\/\/www.osteovitalsabadell.cat\/es\/blog\/\"]}]},{\"@type\":\"ImageObject\",\"inLanguage\":\"es\",\"@id\":\"https:\/\/www.osteovitalsabadell.cat\/es\/blog\/#primaryimage\",\"url\":\"https:\/\/www.osteovitalsabadell.cat\/wp-content\/uploads\/2025\/06\/MASSATGE.png\",\"contentUrl\":\"https:\/\/www.osteovitalsabadell.cat\/wp-content\/uploads\/2025\/06\/MASSATGE.png\"},{\"@type\":\"BreadcrumbList\",\"@id\":\"https:\/\/www.osteovitalsabadell.cat\/es\/blog\/#breadcrumb\",\"itemListElement\":[{\"@type\":\"ListItem\",\"position\":1,\"name\":\"Home\",\"item\":\"https:\/\/www.osteovitalsabadell.cat\/es\/inicio\/\"},{\"@type\":\"ListItem\",\"position\":2,\"name\":\"Blog\"}]},{\"@type\":\"WebSite\",\"@id\":\"https:\/\/www.osteovitalsabadell.cat\/es\/#website\",\"url\":\"https:\/\/www.osteovitalsabadell.cat\/es\/\",\"name\":\"Osteovital\",\"description\":\"Osteopatia i Fisioter\u00e0pia a Sabadell\",\"potentialAction\":[{\"@type\":\"SearchAction\",\"target\":{\"@type\":\"EntryPoint\",\"urlTemplate\":\"https:\/\/www.osteovitalsabadell.cat\/es\/?s={search_term_string}\"},\"query-input\":{\"@type\":\"PropertyValueSpecification\",\"valueRequired\":true,\"valueName\":\"search_term_string\"}}],\"inLanguage\":\"es\"}]}<\/script>\n<!-- \/ Yoast SEO plugin. -->","yoast_head_json":{"title":"Blog de salud y bienestar \u2013 Osteovital Sabadell","description":"Consejos sobre salud natural, fisioterapia y nutrici\u00f3n para cuidar tu cuerpo y mente. Insp\u00edrate en el blog de Osteovital Sabadell.","robots":{"index":"index","follow":"follow","max-snippet":"max-snippet:-1","max-image-preview":"max-image-preview:large","max-video-preview":"max-video-preview:-1"},"canonical":"https:\/\/www.osteovitalsabadell.cat\/es\/blog\/","og_locale":"es_ES","og_type":"article","og_title":"Blog de salud y bienestar \u2013 Osteovital Sabadell","og_description":"Consejos sobre salud natural, fisioterapia y nutrici\u00f3n para cuidar tu cuerpo y mente. Insp\u00edrate en el blog de Osteovital Sabadell.","og_url":"https:\/\/www.osteovitalsabadell.cat\/es\/blog\/","og_site_name":"Osteovital","article_modified_time":"2025-10-28T09:27:01+00:00","og_image":[{"url":"https:\/\/www.osteovitalsabadell.cat\/wp-content\/uploads\/2025\/06\/MASSATGE.png","type":"","width":"","height":""}],"twitter_card":"summary_large_image","twitter_misc":{"Tiempo de lectura":"1 minuto"},"schema":{"@context":"https:\/\/schema.org","@graph":[{"@type":"WebPage","@id":"https:\/\/www.osteovitalsabadell.cat\/es\/blog\/","url":"https:\/\/www.osteovitalsabadell.cat\/es\/blog\/","name":"Blog de salud y bienestar \u2013 Osteovital Sabadell","isPartOf":{"@id":"https:\/\/www.osteovitalsabadell.cat\/es\/#website"},"primaryImageOfPage":{"@id":"https:\/\/www.osteovitalsabadell.cat\/es\/blog\/#primaryimage"},"image":{"@id":"https:\/\/www.osteovitalsabadell.cat\/es\/blog\/#primaryimage"},"thumbnailUrl":"https:\/\/www.osteovitalsabadell.cat\/wp-content\/uploads\/2025\/06\/MASSATGE.png","datePublished":"2025-07-09T14:17:41+00:00","dateModified":"2025-10-28T09:27:01+00:00","description":"Consejos sobre salud natural, fisioterapia y nutrici\u00f3n para cuidar tu cuerpo y mente. Insp\u00edrate en el blog de Osteovital Sabadell.","breadcrumb":{"@id":"https:\/\/www.osteovitalsabadell.cat\/es\/blog\/#breadcrumb"},"inLanguage":"es","potentialAction":[{"@type":"ReadAction","target":["https:\/\/www.osteovitalsabadell.cat\/es\/blog\/"]}]},{"@type":"ImageObject","inLanguage":"es","@id":"https:\/\/www.osteovitalsabadell.cat\/es\/blog\/#primaryimage","url":"https:\/\/www.osteovitalsabadell.cat\/wp-content\/uploads\/2025\/06\/MASSATGE.png","contentUrl":"https:\/\/www.osteovitalsabadell.cat\/wp-content\/uploads\/2025\/06\/MASSATGE.png"},{"@type":"BreadcrumbList","@id":"https:\/\/www.osteovitalsabadell.cat\/es\/blog\/#breadcrumb","itemListElement":[{"@type":"ListItem","position":1,"name":"Home","item":"https:\/\/www.osteovitalsabadell.cat\/es\/inicio\/"},{"@type":"ListItem","position":2,"name":"Blog"}]},{"@type":"WebSite","@id":"https:\/\/www.osteovitalsabadell.cat\/es\/#website","url":"https:\/\/www.osteovitalsabadell.cat\/es\/","name":"Osteovital","description":"Osteopatia i Fisioter\u00e0pia a Sabadell","potentialAction":[{"@type":"SearchAction","target":{"@type":"EntryPoint","urlTemplate":"https:\/\/www.osteovitalsabadell.cat\/es\/?s={search_term_string}"},"query-input":{"@type":"PropertyValueSpecification","valueRequired":true,"valueName":"search_term_string"}}],"inLanguage":"es"}]}},"_links":{"self":[{"href":"https:\/\/www.osteovitalsabadell.cat\/es\/wp-json\/wp\/v2\/pages\/989044","targetHints":{"allow":["GET"]}}],"collection":[{"href":"https:\/\/www.osteovitalsabadell.cat\/es\/wp-json\/wp\/v2\/pages"}],"about":[{"href":"https:\/\/www.osteovitalsabadell.cat\/es\/wp-json\/wp\/v2\/types\/page"}],"author":[{"embeddable":true,"href":"https:\/\/www.osteovitalsabadell.cat\/es\/wp-json\/wp\/v2\/users\/1"}],"replies":[{"embeddable":true,"href":"https:\/\/www.osteovitalsabadell.cat\/es\/wp-json\/wp\/v2\/comments?post=989044"}],"version-history":[{"count":1,"href":"https:\/\/www.osteovitalsabadell.cat\/es\/wp-json\/wp\/v2\/pages\/989044\/revisions"}],"predecessor-version":[{"id":989045,"href":"https:\/\/www.osteovitalsabadell.cat\/es\/wp-json\/wp\/v2\/pages\/989044\/revisions\/989045"}],"wp:attachment":[{"href":"https:\/\/www.osteovitalsabadell.cat\/es\/wp-json\/wp\/v2\/media?parent=989044"}],"curies":[{"name":"wp","href":"https:\/\/api.w.org\/{rel}","templated":true}]}}